{"id":10,"date":"2022-05-29T16:13:53","date_gmt":"2022-05-29T16:13:53","guid":{"rendered":"http:\/\/localhost\/kidso\/?page_id=10"},"modified":"2026-02-25T16:24:55","modified_gmt":"2026-02-25T13:24:55","slug":"hakkimizda","status":"publish","type":"page","link":"https:\/\/pitayaanaokulu.com\/index.php\/hakkimizda\/","title":{"rendered":"Hakk\u0131m\u0131zda"},"content":{"rendered":"\t\t<div data-elementor-type=\"wp-page\" data-elementor-id=\"10\" class=\"elementor elementor-10\">\n\t\t\t\t\t\t<section class=\"elementor-section elementor-top-section elementor-element elementor-element-e6301b4 elementor-section-full_width elementor-section-height-default elementor-section-height-default\" data-id=\"e6301b4\" data-element_type=\"section\" data-e-type=\"section\">\n\t\t\t\t\t\t<div class=\"elementor-container elementor-column-gap-no\">\n\t\t\t\t\t<div class=\"elementor-column elementor-col-100 elementor-top-column elementor-element elementor-element-1ea7cea\" data-id=\"1ea7cea\" data-element_type=\"column\" data-e-type=\"column\">\n\t\t\t<div class=\"elementor-widget-wrap elementor-element-populated\">\n\t\t\t\t\t\t<div class=\"elementor-element elementor-element-d74eb48 elementor-widget elementor-widget-Elementor-About-widget\" data-id=\"d74eb48\" data-element_type=\"widget\" data-e-type=\"widget\" data-widget_type=\"Elementor-About-widget.default\">\n\t\t\t\t<div class=\"elementor-widget-container\">\n\t\t\t\t\t <!-- about-area -->\n<section class=\"about-area about-p pt-120 pb-195 p-relative\" style=\"background: #f7f9ff;\">\n    <div class=\"animations-03\"><img decoding=\"async\" src=\"https:\/\/wpdemo.zcubethemes.com\/kidso\/wp-content\/uploads\/2022\/05\/an-img-03.png\" alt=\"https:\/\/wpdemo.zcubethemes.com\/kidso\/wp-content\/uploads\/2022\/05\/an-img-03.png\"> <\/div>\n    <div class=\"animations-04\"><img decoding=\"async\" src=\"https:\/\/wpdemo.zcubethemes.com\/kidso\/wp-content\/uploads\/2022\/05\/an-img-04.png\" alt=\"https:\/\/wpdemo.zcubethemes.com\/kidso\/wp-content\/uploads\/2022\/05\/an-img-04.png\"> <\/div>\n    <div class=\"animations-05\"><img decoding=\"async\" src=\"https:\/\/wpdemo.zcubethemes.com\/kidso\/wp-content\/uploads\/2022\/05\/an-img-05.png\" alt=\"https:\/\/wpdemo.zcubethemes.com\/kidso\/wp-content\/uploads\/2022\/05\/an-img-05.png\"> <\/div>\n    <div class=\"container\">\n        <div class=\"row justify-content-center align-items-center\">\n             <div class=\"col-lg-6 col-md-12 col-sm-12\">\n                <div class=\"s-about-img p-relative  wow fadeInLeft  animated\"   data-animation=\"fadeInLeft\" data-delay=\".4s\">\n                  <img decoding=\"async\" src=\"https:\/\/wpdemo.zcubethemes.com\/kidso\/wp-content\/uploads\/2022\/05\/about_img-1.png\" alt=\"https:\/\/wpdemo.zcubethemes.com\/kidso\/wp-content\/uploads\/2022\/05\/about_img-1.png\">   \n                <\/div>\n\n            <\/div>\n\n        <div class=\"col-lg-6 col-md-12 col-sm-12\">\n                <div class=\"about-content s-about-content  wow fadeInRight  animated pl-30\" data-animation=\"fadeInRight\" data-delay=\".4s\">\n                    <div class=\"about-title second-title pb-25\">  \n                        <h5>#pitayaanaokulu<\/h5>\n                        <h2>Hakk\u0131m\u0131zda<\/h2>                                         \n                    <\/div>\n                        <p>Pitaya Anaokulu olarak, \u00e7ocuklar\u0131n erken ya\u015fta do\u011fru e\u011fitim modeliyle tan\u0131\u015fmas\u0131n\u0131n hayat boyu s\u00fcrecek ba\u015far\u0131lar\u0131n\u0131n temeli oldu\u011funa inan\u0131yoruz. 15 y\u0131ll\u0131k e\u011fitim deneyimimizi, uluslararas\u0131 standartlarla birle\u015ftirerek \u00e7ocuklar\u0131m\u0131za g\u00fc\u00e7l\u00fc bir ba\u015flang\u0131\u00e7 sunuyoruz.<\/p>                      <p>Adana ve \u00e7evresinde tek olan IPC (International Pre-School Curriculum) uluslararas\u0131 okul \u00f6ncesi program\u0131 i\u015f birli\u011fimiz sayesinde, \u00e7ocuklar\u0131m\u0131z\u0131 yaln\u0131zca akademik olarak de\u011fil; sosyal, duygusal ve dil geli\u015fimi a\u00e7\u0131s\u0131ndan da b\u00fct\u00fcnc\u00fcl bir yakla\u015f\u0131mla destekliyoruz.\n\nIPC; ara\u015ft\u0131rma temelli, tematik ve ke\u015ffetmeye dayal\u0131 bir e\u011fitim modelidir. Bu sistemle \u00e7ocuklar\u0131m\u0131z hem ana dillerini hem de \u0130ngilizceyi aktif olarak kullan\u0131r. \u0130ngilizce, ders gibi \u00f6\u011fretilmez; g\u00fcnl\u00fck ya\u015fam\u0131n do\u011fal bir par\u00e7as\u0131 haline getirilir. B\u00f6ylece \u00e7ocuklar\u0131m\u0131z dili ezberlemeden, ya\u015fayarak \u00f6\u011frenir.<br>\n\nPitaya\u2019da e\u011fitim;<br>\n\u2022 Merak etmeyi,<br>\n\u2022 Sorgulamay\u0131,<br>\n\u2022 \u00dcretmeyi,<br>\n\u2022 \u00d6zg\u00fcvenle ifade etmeyi destekler.<br>\n\n<br>Drama, Satran\u00e7, STEM, Dans ve Ritim at\u00f6lyelerimizle \u00e7ocuklar\u0131m\u0131z\u0131n \u00e7ok y\u00f6nl\u00fc geli\u015fimini destekliyor, onlar\u0131n potansiyellerini ke\u015ffetmelerine rehberlik ediyoruz.\n\nG\u00fcvenli, sevgi dolu ve modern \u00f6\u011frenme ortam\u0131m\u0131zda; her \u00e7ocu\u011fun bireysel farkl\u0131l\u0131klar\u0131n\u0131 \u00f6nemsiyor ve onlar\u0131 global bak\u0131\u015f a\u00e7\u0131s\u0131na sahip, \u00f6zg\u00fcvenli bireyler olarak gelece\u011fe haz\u0131rl\u0131yoruz.\n\nPitaya Anaokulu\u2019nda oyun geli\u015fimdir, ke\u015fif \u00f6\u011frenmedir ve her \u00e7ocuk \u00f6zeldir. <\/p> \n                      <div class=\"slider-btn mt-15\">                                          \n                            <a href=\"\" class=\"btn\">Bilgi Al<\/a>\t\t\n                        <\/div>\n                <\/div>\n            <\/div>\n\n        <\/div>\n    <\/div>\n<\/section>\n<!-- about-area-end -->\t\t\t\t<\/div>\n\t\t\t\t<\/div>\n\t\t\t\t\t<\/div>\n\t\t<\/div>\n\t\t\t\t\t<\/div>\n\t\t<\/section>\n\t\t\t\t<section class=\"elementor-section elementor-top-section elementor-element elementor-element-a8bca8d elementor-section-full_width elementor-section-height-default elementor-section-height-default\" data-id=\"a8bca8d\" data-element_type=\"section\" data-e-type=\"section\">\n\t\t\t\t\t\t<div class=\"elementor-container elementor-column-gap-no\">\n\t\t\t\t\t<div class=\"elementor-column elementor-col-100 elementor-top-column elementor-element elementor-element-d96bf9e\" data-id=\"d96bf9e\" data-element_type=\"column\" data-e-type=\"column\">\n\t\t\t<div class=\"elementor-widget-wrap elementor-element-populated\">\n\t\t\t\t\t\t<div class=\"elementor-element elementor-element-d167564 elementor-widget elementor-widget-Elementor-counter-widget\" data-id=\"d167564\" data-element_type=\"widget\" data-e-type=\"widget\" data-widget_type=\"Elementor-counter-widget.default\">\n\t\t\t\t<div class=\"elementor-widget-container\">\n\t\t\t\t\t\t\r\n<!-- counter-area -->\r\n<div class=\"counter-area p-relative\">\r\n    <div class=\"container\">\r\n        <div class=\"row counter-bg p-relative\">\r\n                                     <div class=\"col-lg-3 col-md-3 col-sm-12\">\r\n                 <div class=\"single-counter wow fadeInUp animated\" data-animation=\"fadeInDown animated\" data-delay=\".2s\">\r\n                    <div class=\"counter p-relative\">\r\n                        <span class=\"count\">\u2b50<\/span><p>15 Y\u0131ll\u0131k<br>Deneyim<\/p>    \r\n                    <\/div>\r\n                <\/div>\r\n            <\/div>\r\n                         <div class=\"col-lg-3 col-md-3 col-sm-12\">\r\n                 <div class=\"single-counter wow fadeInUp animated\" data-animation=\"fadeInDown animated\" data-delay=\".2s\">\r\n                    <div class=\"counter p-relative\">\r\n                        <span class=\"count\">\ud83c\udf0d<\/span><p>Uluslararas\u0131 E\u011fitim Program\u0131<\/p>    \r\n                    <\/div>\r\n                <\/div>\r\n            <\/div>\r\n                         <div class=\"col-lg-3 col-md-3 col-sm-12\">\r\n                 <div class=\"single-counter wow fadeInUp animated\" data-animation=\"fadeInDown animated\" data-delay=\".2s\">\r\n                    <div class=\"counter p-relative\">\r\n                        <span class=\"count\">\ud83c\udf93<\/span><p>\u00c7ift Dilli E\u011fitim Modeli<\/p>    \r\n                    <\/div>\r\n                <\/div>\r\n            <\/div>\r\n                         <div class=\"col-lg-3 col-md-3 col-sm-12\">\r\n                 <div class=\"single-counter wow fadeInUp animated\" data-animation=\"fadeInDown animated\" data-delay=\".2s\">\r\n                    <div class=\"counter p-relative\">\r\n                        <span class=\"count\">\ud83c\udfa8<\/span><p> Zengin At\u00f6lye Se\u00e7enekleri<\/p>    \r\n                    <\/div>\r\n                <\/div>\r\n            <\/div>\r\n             \r\n        <\/div>\r\n    <\/div>\r\n<\/div>\r\n<!-- counter-area-end -->\t\r\n\t\t\t\t<\/div>\n\t\t\t\t<\/div>\n\t\t\t\t\t<\/div>\n\t\t<\/div>\n\t\t\t\t\t<\/div>\n\t\t<\/section>\n\t\t\t\t<section class=\"elementor-section elementor-top-section elementor-element elementor-element-dd137b0 elementor-section-full_width elementor-section-height-default elementor-section-height-default\" data-id=\"dd137b0\" data-element_type=\"section\" data-e-type=\"section\" data-settings=\"{&quot;background_background&quot;:&quot;classic&quot;}\">\n\t\t\t\t\t\t<div class=\"elementor-container elementor-column-gap-no\">\n\t\t\t\t\t<div class=\"elementor-column elementor-col-100 elementor-top-column elementor-element elementor-element-c6f0ea1\" data-id=\"c6f0ea1\" data-element_type=\"column\" data-e-type=\"column\">\n\t\t\t<div class=\"elementor-widget-wrap elementor-element-populated\">\n\t\t\t\t\t\t<div class=\"elementor-element elementor-element-bf09e53 elementor-widget elementor-widget-Elementor-brand-widget\" data-id=\"bf09e53\" data-element_type=\"widget\" data-e-type=\"widget\" data-widget_type=\"Elementor-brand-widget.default\">\n\t\t\t\t<div class=\"elementor-widget-container\">\n\t\t\t\t\t<!-- brand-area -->\r\n<div class=\"brand-area pt-60 pb-60\">\r\n    <div class=\"container-fluid\">\r\n        <div class=\"row brand-active\">\r\n                                    <div class=\"col-xl-2\">\r\n                <div class=\"single-brand\">\r\n                    <img decoding=\"async\" src=\"https:\/\/pitayaanaokulu.com\/wp-content\/uploads\/2026\/02\/844.png\" alt=\"https:\/\/pitayaanaokulu.com\/wp-content\/uploads\/2026\/02\/844.png\">\r\n                <\/div>\r\n            <\/div>\r\n                        <div class=\"col-xl-2\">\r\n                <div class=\"single-brand\">\r\n                    <img decoding=\"async\" src=\"https:\/\/pitayaanaokulu.com\/wp-content\/uploads\/2026\/02\/844.png\" alt=\"https:\/\/pitayaanaokulu.com\/wp-content\/uploads\/2026\/02\/844.png\">\r\n                <\/div>\r\n            <\/div>\r\n                        <div class=\"col-xl-2\">\r\n                <div class=\"single-brand\">\r\n                    <img decoding=\"async\" src=\"https:\/\/pitayaanaokulu.com\/wp-content\/uploads\/2026\/02\/844.png\" alt=\"https:\/\/pitayaanaokulu.com\/wp-content\/uploads\/2026\/02\/844.png\">\r\n                <\/div>\r\n            <\/div>\r\n                        <div class=\"col-xl-2\">\r\n                <div class=\"single-brand\">\r\n                    <img decoding=\"async\" src=\"https:\/\/pitayaanaokulu.com\/wp-content\/uploads\/2026\/02\/844.png\" alt=\"https:\/\/pitayaanaokulu.com\/wp-content\/uploads\/2026\/02\/844.png\">\r\n                <\/div>\r\n            <\/div>\r\n                        <div class=\"col-xl-2\">\r\n                <div class=\"single-brand\">\r\n                    <img decoding=\"async\" src=\"https:\/\/pitayaanaokulu.com\/wp-content\/uploads\/2026\/02\/844.png\" alt=\"https:\/\/pitayaanaokulu.com\/wp-content\/uploads\/2026\/02\/844.png\">\r\n                <\/div>\r\n            <\/div>\r\n                        <div class=\"col-xl-2\">\r\n                <div class=\"single-brand\">\r\n                    <img decoding=\"async\" src=\"https:\/\/pitayaanaokulu.com\/wp-content\/uploads\/2026\/02\/844.png\" alt=\"https:\/\/pitayaanaokulu.com\/wp-content\/uploads\/2026\/02\/844.png\">\r\n                <\/div>\r\n            <\/div>\r\n                        <div class=\"col-xl-2\">\r\n                <div class=\"single-brand\">\r\n                    <img decoding=\"async\" src=\"https:\/\/pitayaanaokulu.com\/wp-content\/uploads\/2026\/02\/844.png\" alt=\"https:\/\/pitayaanaokulu.com\/wp-content\/uploads\/2026\/02\/844.png\">\r\n                <\/div>\r\n            <\/div>\r\n                    <\/div>\r\n    <\/div>\r\n<\/div>\r\n<!-- brand-area-end -->\r\n\t\t\t\t<\/div>\n\t\t\t\t<\/div>\n\t\t\t\t\t<\/div>\n\t\t<\/div>\n\t\t\t\t\t<\/div>\n\t\t<\/section>\n\t\t\t\t<\/div>\n\t\t","protected":false},"excerpt":{"rendered":"","protected":false},"author":1,"featured_media":0,"parent":0,"menu_order":0,"comment_status":"closed","ping_status":"closed","template":"inside.php","meta":{"footnotes":""},"class_list":["post-10","page","type-page","status-publish","hentry"],"_links":{"self":[{"href":"https:\/\/pitayaanaokulu.com\/index.php\/wp-json\/wp\/v2\/pages\/10","targetHints":{"allow":["GET"]}}],"collection":[{"href":"https:\/\/pitayaanaokulu.com\/index.php\/wp-json\/wp\/v2\/pages"}],"about":[{"href":"https:\/\/pitayaanaokulu.com\/index.php\/wp-json\/wp\/v2\/types\/page"}],"author":[{"embeddable":true,"href":"https:\/\/pitayaanaokulu.com\/index.php\/wp-json\/wp\/v2\/users\/1"}],"replies":[{"embeddable":true,"href":"https:\/\/pitayaanaokulu.com\/index.php\/wp-json\/wp\/v2\/comments?post=10"}],"version-history":[{"count":28,"href":"https:\/\/pitayaanaokulu.com\/index.php\/wp-json\/wp\/v2\/pages\/10\/revisions"}],"predecessor-version":[{"id":2971,"href":"https:\/\/pitayaanaokulu.com\/index.php\/wp-json\/wp\/v2\/pages\/10\/revisions\/2971"}],"wp:attachment":[{"href":"https:\/\/pitayaanaokulu.com\/index.php\/wp-json\/wp\/v2\/media?parent=10"}],"curies":[{"name":"wp","href":"https:\/\/api.w.org\/{rel}","templated":true}]}}