{"id":12,"date":"2022-05-29T16:14:49","date_gmt":"2022-05-29T16:14:49","guid":{"rendered":"http:\/\/localhost\/kidso\/?page_id=12"},"modified":"2026-02-25T16:24:45","modified_gmt":"2026-02-25T13:24:45","slug":"siniflarimiz","status":"publish","type":"page","link":"https:\/\/pitayaanaokulu.com\/index.php\/siniflarimiz\/","title":{"rendered":"S\u0131n\u0131flar\u0131m\u0131z"},"content":{"rendered":"\t\t<div data-elementor-type=\"wp-page\" data-elementor-id=\"12\" class=\"elementor elementor-12\">\n\t\t\t\t\t\t<section class=\"elementor-section elementor-top-section elementor-element elementor-element-357ebda elementor-section-full_width elementor-section-height-default elementor-section-height-default\" data-id=\"357ebda\" data-element_type=\"section\" data-e-type=\"section\">\n\t\t\t\t\t\t<div class=\"elementor-container elementor-column-gap-no\">\n\t\t\t\t\t<div class=\"elementor-column elementor-col-100 elementor-top-column elementor-element elementor-element-c072623\" data-id=\"c072623\" data-element_type=\"column\" data-e-type=\"column\">\n\t\t\t<div class=\"elementor-widget-wrap elementor-element-populated\">\n\t\t\t\t\t\t<div class=\"elementor-element elementor-element-afeaa78 elementor-widget elementor-widget-Elementor-courses-widget\" data-id=\"afeaa78\" data-element_type=\"widget\" data-e-type=\"widget\" data-widget_type=\"Elementor-courses-widget.default\">\n\t\t\t\t<div class=\"elementor-widget-container\">\n\t\t\t\t\t <!-- class area start -->\n<section class=\"class-area pt-120 pb-120 p-relative\">\n    <div class=\"animations-06\"><img decoding=\"async\" src=\"https:\/\/wpdemo.zcubethemes.com\/kidso\/wp-content\/uploads\/2022\/05\/an-img-06.png\" alt=\"https:\/\/wpdemo.zcubethemes.com\/kidso\/wp-content\/uploads\/2022\/05\/an-img-06.png\"><\/div>\n    <div class=\"animations-07\"><img decoding=\"async\" src=\"https:\/\/wpdemo.zcubethemes.com\/kidso\/wp-content\/uploads\/2022\/05\/an-img-07.png\" alt=\"https:\/\/wpdemo.zcubethemes.com\/kidso\/wp-content\/uploads\/2022\/05\/an-img-07.png\"><\/div>\n    <div class=\"animations-08\"><img decoding=\"async\" src=\"https:\/\/wpdemo.zcubethemes.com\/kidso\/wp-content\/uploads\/2022\/05\/an-img-08.png\" alt=\"https:\/\/wpdemo.zcubethemes.com\/kidso\/wp-content\/uploads\/2022\/05\/an-img-08.png\"><\/div>\n    <div class=\"animations-09\"><img decoding=\"async\" src=\"https:\/\/wpdemo.zcubethemes.com\/kidso\/wp-content\/uploads\/2022\/05\/an-img-09.png\" alt=\"https:\/\/wpdemo.zcubethemes.com\/kidso\/wp-content\/uploads\/2022\/05\/an-img-09.png\"><\/div>\n    <div class=\"container\">\n        <div class=\"row justify-content-center\">\n                                \n            <div class=\"col-xl-4 col-lg-4 col-md-6\">\n                <div class=\"class-item mb-30\">\n                    <div class=\"class-img\">\n                        <div class=\"class-img-outer\">\n                            <img fetchpriority=\"high\" decoding=\"async\" width=\"1213\" height=\"800\" src=\"https:\/\/pitayaanaokulu.com\/wp-content\/uploads\/2021\/04\/class-1.jpg\" class=\"attachment-post-thumbnail size-post-thumbnail wp-post-image\" alt=\"\" srcset=\"https:\/\/pitayaanaokulu.com\/wp-content\/uploads\/2021\/04\/class-1.jpg 1213w, https:\/\/pitayaanaokulu.com\/wp-content\/uploads\/2021\/04\/class-1-300x198.jpg 300w, https:\/\/pitayaanaokulu.com\/wp-content\/uploads\/2021\/04\/class-1-1024x675.jpg 1024w, https:\/\/pitayaanaokulu.com\/wp-content\/uploads\/2021\/04\/class-1-768x507.jpg 768w\" sizes=\"(max-width: 1213px) 100vw, 1213px\" \/>                        <\/div>                                    \n                    <\/div>\n                    <div class=\"class-content\">\n                        <h4 class=\"title\"><a href=\"https:\/\/pitayaanaokulu.com\/index.php\/courses\/plastic-manufacturing\/\">Languge Class<\/a><\/h4>\n                            <p>Curabitur dignissim at leo sit amet facilisis. Etiam molestie volutpat turpis.<\/p>\n                         <ul class=\"schedule\">\n                        <li>\n                            <span>Age:<\/span>\n                            <span class=\"class-size\">5-10 Years<\/span>\n                        <\/li>\n                        <li>\n                            <span>Time:<\/span>\n                            <span class=\"class-size class-size-2\">8-10am<\/span>\n                        <\/li>\n                        <li>\n                            <span class=\"class-price\"> $50<\/span>\n                        <\/li>\n                    <\/ul>\n                    <\/div>\n\n                <\/div>\n            <\/div>\n                                \n            <div class=\"col-xl-4 col-lg-4 col-md-6\">\n                <div class=\"class-item mb-30\">\n                    <div class=\"class-img\">\n                        <div class=\"class-img-outer\">\n                            <img decoding=\"async\" width=\"1213\" height=\"800\" src=\"https:\/\/pitayaanaokulu.com\/wp-content\/uploads\/2021\/04\/class-2.jpg\" class=\"attachment-post-thumbnail size-post-thumbnail wp-post-image\" alt=\"\" srcset=\"https:\/\/pitayaanaokulu.com\/wp-content\/uploads\/2021\/04\/class-2.jpg 1213w, https:\/\/pitayaanaokulu.com\/wp-content\/uploads\/2021\/04\/class-2-300x198.jpg 300w, https:\/\/pitayaanaokulu.com\/wp-content\/uploads\/2021\/04\/class-2-1024x675.jpg 1024w, https:\/\/pitayaanaokulu.com\/wp-content\/uploads\/2021\/04\/class-2-768x507.jpg 768w\" sizes=\"(max-width: 1213px) 100vw, 1213px\" \/>                        <\/div>                                    \n                    <\/div>\n                    <div class=\"class-content\">\n                        <h4 class=\"title\"><a href=\"https:\/\/pitayaanaokulu.com\/index.php\/courses\/electrical-engineering\/\">Drawing Class<\/a><\/h4>\n                            <p>Curabitur dignissim at leo sit amet facilisis. Etiam molestie volutpat turpis.<\/p>\n                         <ul class=\"schedule\">\n                        <li>\n                            <span>Age:<\/span>\n                            <span class=\"class-size\">5-10 Years<\/span>\n                        <\/li>\n                        <li>\n                            <span>Time:<\/span>\n                            <span class=\"class-size class-size-2\">8-10am<\/span>\n                        <\/li>\n                        <li>\n                            <span class=\"class-price\"> $60<\/span>\n                        <\/li>\n                    <\/ul>\n                    <\/div>\n\n                <\/div>\n            <\/div>\n                                \n            <div class=\"col-xl-4 col-lg-4 col-md-6\">\n                <div class=\"class-item mb-30\">\n                    <div class=\"class-img\">\n                        <div class=\"class-img-outer\">\n                            <img decoding=\"async\" width=\"1213\" height=\"800\" src=\"https:\/\/pitayaanaokulu.com\/wp-content\/uploads\/2021\/04\/class-3.jpg\" class=\"attachment-post-thumbnail size-post-thumbnail wp-post-image\" alt=\"\" srcset=\"https:\/\/pitayaanaokulu.com\/wp-content\/uploads\/2021\/04\/class-3.jpg 1213w, https:\/\/pitayaanaokulu.com\/wp-content\/uploads\/2021\/04\/class-3-300x198.jpg 300w, https:\/\/pitayaanaokulu.com\/wp-content\/uploads\/2021\/04\/class-3-1024x675.jpg 1024w, https:\/\/pitayaanaokulu.com\/wp-content\/uploads\/2021\/04\/class-3-768x507.jpg 768w\" sizes=\"(max-width: 1213px) 100vw, 1213px\" \/>                        <\/div>                                    \n                    <\/div>\n                    <div class=\"class-content\">\n                        <h4 class=\"title\"><a href=\"https:\/\/pitayaanaokulu.com\/index.php\/courses\/chemical-engineering\/\">Mathematics Class<\/a><\/h4>\n                            <p>Curabitur dignissim at leo sit amet facilisis. Etiam molestie volutpat turpis.<\/p>\n                         <ul class=\"schedule\">\n                        <li>\n                            <span>Age:<\/span>\n                            <span class=\"class-size\">8-10 Years<\/span>\n                        <\/li>\n                        <li>\n                            <span>Time:<\/span>\n                            <span class=\"class-size class-size-2\">8-10am<\/span>\n                        <\/li>\n                        <li>\n                            <span class=\"class-price\"> $70<\/span>\n                        <\/li>\n                    <\/ul>\n                    <\/div>\n\n                <\/div>\n            <\/div>\n                                \n            <div class=\"col-xl-4 col-lg-4 col-md-6\">\n                <div class=\"class-item mb-30\">\n                    <div class=\"class-img\">\n                        <div class=\"class-img-outer\">\n                            <img loading=\"lazy\" decoding=\"async\" width=\"1213\" height=\"800\" src=\"https:\/\/pitayaanaokulu.com\/wp-content\/uploads\/2021\/04\/class-4.jpg\" class=\"attachment-post-thumbnail size-post-thumbnail wp-post-image\" alt=\"\" srcset=\"https:\/\/pitayaanaokulu.com\/wp-content\/uploads\/2021\/04\/class-4.jpg 1213w, https:\/\/pitayaanaokulu.com\/wp-content\/uploads\/2021\/04\/class-4-300x198.jpg 300w, https:\/\/pitayaanaokulu.com\/wp-content\/uploads\/2021\/04\/class-4-1024x675.jpg 1024w, https:\/\/pitayaanaokulu.com\/wp-content\/uploads\/2021\/04\/class-4-768x507.jpg 768w\" sizes=\"(max-width: 1213px) 100vw, 1213px\" \/>                        <\/div>                                    \n                    <\/div>\n                    <div class=\"class-content\">\n                        <h4 class=\"title\"><a href=\"https:\/\/pitayaanaokulu.com\/index.php\/courses\/textile-engineering\/\">Sports Class<\/a><\/h4>\n                            <p>Curabitur dignissim at leo sit amet facilisis. Etiam molestie volutpat turpis.<\/p>\n                         <ul class=\"schedule\">\n                        <li>\n                            <span>Age:<\/span>\n                            <span class=\"class-size\">7-10 Years<\/span>\n                        <\/li>\n                        <li>\n                            <span>Time:<\/span>\n                            <span class=\"class-size class-size-2\">8-10am<\/span>\n                        <\/li>\n                        <li>\n                            <span class=\"class-price\"> $65<\/span>\n                        <\/li>\n                    <\/ul>\n                    <\/div>\n\n                <\/div>\n            <\/div>\n                                \n            <div class=\"col-xl-4 col-lg-4 col-md-6\">\n                <div class=\"class-item mb-30\">\n                    <div class=\"class-img\">\n                        <div class=\"class-img-outer\">\n                            <img loading=\"lazy\" decoding=\"async\" width=\"1213\" height=\"800\" src=\"https:\/\/pitayaanaokulu.com\/wp-content\/uploads\/2021\/04\/class-5.jpg\" class=\"attachment-post-thumbnail size-post-thumbnail wp-post-image\" alt=\"\" srcset=\"https:\/\/pitayaanaokulu.com\/wp-content\/uploads\/2021\/04\/class-5.jpg 1213w, https:\/\/pitayaanaokulu.com\/wp-content\/uploads\/2021\/04\/class-5-300x198.jpg 300w, https:\/\/pitayaanaokulu.com\/wp-content\/uploads\/2021\/04\/class-5-1024x675.jpg 1024w, https:\/\/pitayaanaokulu.com\/wp-content\/uploads\/2021\/04\/class-5-768x507.jpg 768w\" sizes=\"(max-width: 1213px) 100vw, 1213px\" \/>                        <\/div>                                    \n                    <\/div>\n                    <div class=\"class-content\">\n                        <h4 class=\"title\"><a href=\"https:\/\/pitayaanaokulu.com\/index.php\/courses\/automobile-engineering\/\">Knowledge Class<\/a><\/h4>\n                            <p>Curabitur dignissim at leo sit amet facilisis. Etiam molestie volutpat turpis.<\/p>\n                         <ul class=\"schedule\">\n                        <li>\n                            <span>Age:<\/span>\n                            <span class=\"class-size\">7-15 Years<\/span>\n                        <\/li>\n                        <li>\n                            <span>Time:<\/span>\n                            <span class=\"class-size class-size-2\">8-10am<\/span>\n                        <\/li>\n                        <li>\n                            <span class=\"class-price\"> $75<\/span>\n                        <\/li>\n                    <\/ul>\n                    <\/div>\n\n                <\/div>\n            <\/div>\n                                \n            <div class=\"col-xl-4 col-lg-4 col-md-6\">\n                <div class=\"class-item mb-30\">\n                    <div class=\"class-img\">\n                        <div class=\"class-img-outer\">\n                            <img loading=\"lazy\" decoding=\"async\" width=\"1213\" height=\"800\" src=\"https:\/\/pitayaanaokulu.com\/wp-content\/uploads\/2021\/04\/class-6.jpg\" class=\"attachment-post-thumbnail size-post-thumbnail wp-post-image\" alt=\"\" srcset=\"https:\/\/pitayaanaokulu.com\/wp-content\/uploads\/2021\/04\/class-6.jpg 1213w, https:\/\/pitayaanaokulu.com\/wp-content\/uploads\/2021\/04\/class-6-300x198.jpg 300w, https:\/\/pitayaanaokulu.com\/wp-content\/uploads\/2021\/04\/class-6-1024x675.jpg 1024w, https:\/\/pitayaanaokulu.com\/wp-content\/uploads\/2021\/04\/class-6-768x507.jpg 768w\" sizes=\"(max-width: 1213px) 100vw, 1213px\" \/>                        <\/div>                                    \n                    <\/div>\n                    <div class=\"class-content\">\n                        <h4 class=\"title\"><a href=\"https:\/\/pitayaanaokulu.com\/index.php\/courses\/mechanical-engineering\/\">Science Class<\/a><\/h4>\n                            <p>Curabitur dignissim at leo sit amet facilisis. Etiam molestie volutpat turpis.<\/p>\n                         <ul class=\"schedule\">\n                        <li>\n                            <span>Age:<\/span>\n                            <span class=\"class-size\">7-15 Years<\/span>\n                        <\/li>\n                        <li>\n                            <span>Time:<\/span>\n                            <span class=\"class-size class-size-2\">8-10am<\/span>\n                        <\/li>\n                        <li>\n                            <span class=\"class-price\"> $95<\/span>\n                        <\/li>\n                    <\/ul>\n                    <\/div>\n\n                <\/div>\n            <\/div>\n                           \n           \n        <\/div>\n\n    <\/div>\n<\/section>\n<!-- class area start -->\n\n\t\t\t\t<\/div>\n\t\t\t\t<\/div>\n\t\t\t\t\t<\/div>\n\t\t<\/div>\n\t\t\t\t\t<\/div>\n\t\t<\/section>\n\t\t\t\t<section class=\"elementor-section elementor-top-section elementor-element elementor-element-7f7eb06 elementor-section-full_width elementor-section-height-default elementor-section-height-default\" data-id=\"7f7eb06\" data-element_type=\"section\" data-e-type=\"section\" data-settings=\"{&quot;background_background&quot;:&quot;classic&quot;}\">\n\t\t\t\t\t\t<div class=\"elementor-container elementor-column-gap-no\">\n\t\t\t\t\t<div class=\"elementor-column elementor-col-100 elementor-top-column elementor-element elementor-element-372e657\" data-id=\"372e657\" data-element_type=\"column\" data-e-type=\"column\">\n\t\t\t<div class=\"elementor-widget-wrap elementor-element-populated\">\n\t\t\t\t\t\t<div class=\"elementor-element elementor-element-b22ea82 elementor-widget elementor-widget-Elementor-brand-widget\" data-id=\"b22ea82\" data-element_type=\"widget\" data-e-type=\"widget\" data-widget_type=\"Elementor-brand-widget.default\">\n\t\t\t\t<div class=\"elementor-widget-container\">\n\t\t\t\t\t<!-- brand-area -->\r\n<div class=\"brand-area pt-60 pb-60\">\r\n    <div class=\"container-fluid\">\r\n        <div class=\"row brand-active\">\r\n                                    <div class=\"col-xl-2\">\r\n                <div class=\"single-brand\">\r\n                    <img decoding=\"async\" src=\"https:\/\/pitayaanaokulu.com\/wp-content\/uploads\/2026\/02\/844.png\" alt=\"https:\/\/pitayaanaokulu.com\/wp-content\/uploads\/2026\/02\/844.png\">\r\n                <\/div>\r\n            <\/div>\r\n                        <div class=\"col-xl-2\">\r\n                <div class=\"single-brand\">\r\n                    <img decoding=\"async\" src=\"https:\/\/pitayaanaokulu.com\/wp-content\/uploads\/2026\/02\/844.png\" alt=\"https:\/\/pitayaanaokulu.com\/wp-content\/uploads\/2026\/02\/844.png\">\r\n                <\/div>\r\n            <\/div>\r\n                        <div class=\"col-xl-2\">\r\n                <div class=\"single-brand\">\r\n                    <img decoding=\"async\" src=\"https:\/\/pitayaanaokulu.com\/wp-content\/uploads\/2026\/02\/844.png\" alt=\"https:\/\/pitayaanaokulu.com\/wp-content\/uploads\/2026\/02\/844.png\">\r\n                <\/div>\r\n            <\/div>\r\n                        <div class=\"col-xl-2\">\r\n                <div class=\"single-brand\">\r\n                    <img decoding=\"async\" src=\"https:\/\/pitayaanaokulu.com\/wp-content\/uploads\/2026\/02\/844.png\" alt=\"https:\/\/pitayaanaokulu.com\/wp-content\/uploads\/2026\/02\/844.png\">\r\n                <\/div>\r\n            <\/div>\r\n                        <div class=\"col-xl-2\">\r\n                <div class=\"single-brand\">\r\n                    <img decoding=\"async\" src=\"https:\/\/pitayaanaokulu.com\/wp-content\/uploads\/2026\/02\/844.png\" alt=\"https:\/\/pitayaanaokulu.com\/wp-content\/uploads\/2026\/02\/844.png\">\r\n                <\/div>\r\n            <\/div>\r\n                        <div class=\"col-xl-2\">\r\n                <div class=\"single-brand\">\r\n                    <img decoding=\"async\" src=\"https:\/\/pitayaanaokulu.com\/wp-content\/uploads\/2026\/02\/844.png\" alt=\"https:\/\/pitayaanaokulu.com\/wp-content\/uploads\/2026\/02\/844.png\">\r\n                <\/div>\r\n            <\/div>\r\n                        <div class=\"col-xl-2\">\r\n                <div class=\"single-brand\">\r\n                    <img decoding=\"async\" src=\"https:\/\/pitayaanaokulu.com\/wp-content\/uploads\/2026\/02\/844.png\" alt=\"https:\/\/pitayaanaokulu.com\/wp-content\/uploads\/2026\/02\/844.png\">\r\n                <\/div>\r\n            <\/div>\r\n                    <\/div>\r\n    <\/div>\r\n<\/div>\r\n<!-- brand-area-end -->\r\n\t\t\t\t<\/div>\n\t\t\t\t<\/div>\n\t\t\t\t\t<\/div>\n\t\t<\/div>\n\t\t\t\t\t<\/div>\n\t\t<\/section>\n\t\t\t\t<\/div>\n\t\t","protected":false},"excerpt":{"rendered":"","protected":false},"author":1,"featured_media":0,"parent":0,"menu_order":0,"comment_status":"closed","ping_status":"closed","template":"inside.php","meta":{"footnotes":""},"class_list":["post-12","page","type-page","status-publish","hentry"],"_links":{"self":[{"href":"https:\/\/pitayaanaokulu.com\/index.php\/wp-json\/wp\/v2\/pages\/12","targetHints":{"allow":["GET"]}}],"collection":[{"href":"https:\/\/pitayaanaokulu.com\/index.php\/wp-json\/wp\/v2\/pages"}],"about":[{"href":"https:\/\/pitayaanaokulu.com\/index.php\/wp-json\/wp\/v2\/types\/page"}],"author":[{"embeddable":true,"href":"https:\/\/pitayaanaokulu.com\/index.php\/wp-json\/wp\/v2\/users\/1"}],"replies":[{"embeddable":true,"href":"https:\/\/pitayaanaokulu.com\/index.php\/wp-json\/wp\/v2\/comments?post=12"}],"version-history":[{"count":10,"href":"https:\/\/pitayaanaokulu.com\/index.php\/wp-json\/wp\/v2\/pages\/12\/revisions"}],"predecessor-version":[{"id":2968,"href":"https:\/\/pitayaanaokulu.com\/index.php\/wp-json\/wp\/v2\/pages\/12\/revisions\/2968"}],"wp:attachment":[{"href":"https:\/\/pitayaanaokulu.com\/index.php\/wp-json\/wp\/v2\/media?parent=12"}],"curies":[{"name":"wp","href":"https:\/\/api.w.org\/{rel}","templated":true}]}}